{"id":5523,"date":"2020-06-24T18:47:29","date_gmt":"2020-06-24T15:47:29","guid":{"rendered":"https:\/\/nokturno.fi\/?page_id=5523"},"modified":"2020-06-24T18:47:29","modified_gmt":"2020-06-24T15:47:29","slug":"tietosuojaseloste","status":"publish","type":"page","link":"https:\/\/nokturno.fi\/en\/tietosuojaseloste\/","title":{"rendered":"Tietosuojaseloste"},"content":{"rendered":"<p>Nokturno noudattaa Suomen Henkil\u00f6tietolakia (523\/1999) ja Euroopan yleist\u00e4 tietosuoja-asetusta (GDPR, 2016\/679) tai muuta sovellettavaa ja voimassa olevaa tietosuojalains\u00e4\u00e4d\u00e4nt\u00f6\u00e4.<\/p>\n<p>&nbsp;<\/p>\n<h3>Muilta sivustoilta upotettu sis\u00e4lt\u00f6<\/h3>\n<p>T\u00e4m\u00e4n sivuston artikkelit voivat sis\u00e4lt\u00e4\u00e4 upotettua sis\u00e4lt\u00f6\u00e4 (esimerkiksi videoita, kuvia, artikkeleita jne.). Toisilta sivustoilta tuodun upotetun sis\u00e4ll\u00f6n avaaminen on verrattavissa siihen, ett\u00e4 vierailija itse k\u00e4visi kolmannen osapuolen sivustolla.<\/p>\n<p>N\u00e4m\u00e4 sivustot voivat ker\u00e4t\u00e4 tietoa sinusta, k\u00e4ytt\u00e4\u00e4 ev\u00e4steit\u00e4, upottaa kolmannen osapuolen seurantaev\u00e4steit\u00e4 ja monitoroida vuorovaikutustasi upotetun sis\u00e4ll\u00f6n kanssa, mukaan lukien vuorovaikutuksen seuranta jos ja kun olet kirjautunut k\u00e4ytt\u00e4j\u00e4n\u00e4 sivustolle.<\/p>\n<p>&nbsp;<\/p>\n<h3>Analytiikka<\/h3>\n<p>Seuraamme verkkosivujemme k\u00e4ytt\u00f6\u00e4 ev\u00e4steill\u00e4. Ev\u00e4steet ovat pieni\u00e4 tekstitiedostoja, jotka tallennetaan tietokoneellesi tai muulle p\u00e4\u00e4telaitteellesi, kun k\u00e4yt verkkosivulla. Ev\u00e4steemme ker\u00e4\u00e4v\u00e4t tietoa siit\u00e4, miten k\u00e4ytt\u00e4j\u00e4t k\u00e4ytt\u00e4v\u00e4t verkkosivujamme. N\u00e4m\u00e4 ev\u00e4steet eiv\u00e4t ker\u00e4\u00e4 k\u00e4ytt\u00e4jist\u00e4 tunnistettavia tietoja, vaan ne ovat anonyymej\u00e4 ja niit\u00e4 k\u00e4ytet\u00e4\u00e4n ainoastaan parantamaan nettisivujen toimivuutta.<\/p>\n<p>Voit s\u00e4\u00e4t\u00e4\u00e4 selaimen asetuksia ja est\u00e4\u00e4 uusien ev\u00e4steiden tallennuksen, poistaa olemassa olevat ev\u00e4steet k\u00e4yt\u00f6st\u00e4 tai pyyt\u00e4\u00e4 ilmoitusta ennen uusien ev\u00e4steiden tallentamista.<\/p>\n<p>&nbsp;<\/p>\n<h3>Kenelle jaamme tietosi<\/h3>\n<p>Sivustosta tehd\u00e4\u00e4n s\u00e4\u00e4nn\u00f6llisesti varmuuskopio, joka tallennetaan pilvipalveluun EU:n alueelle. Varmuuskopioon on p\u00e4\u00e4sy vain sivuston yll\u00e4pit\u00e4jill\u00e4.<\/p>\n<p>&nbsp;<\/p>\n<h3>Kuinka suojelemme henkil\u00f6tietojasi<\/h3>\n<p>Henkil\u00f6tietojen k\u00e4sittelyss\u00e4 noudatetaan huolellisuutta ja tietoj\u00e4rjestelmien avulla k\u00e4sitelt\u00e4v\u00e4t tiedot suojataan asianmukaisesti. Sivuston varmuuskopiointi ja tekninen suojaus tieto- ym. murtoja varten on annettu ammattimaisten palveluntarjoajien teht\u00e4v\u00e4ksi.<\/p>\n","protected":false},"excerpt":{"rendered":"<p>Nokturno noudattaa Suomen Henkil\u00f6tietolakia (523\/1999) ja Euroopan yleist\u00e4 tietosuoja-asetusta (GDPR, 2016\/679) tai muuta sovellettavaa ja voimassa olevaa tietosuojalains\u00e4\u00e4d\u00e4nt\u00f6\u00e4. &nbsp; Muilta sivustoilta upotettu sis\u00e4lt\u00f6 T\u00e4m\u00e4n sivuston artikkelit voivat sis\u00e4lt\u00e4\u00e4 upotettua sis\u00e4lt\u00f6\u00e4 (esimerkiksi videoita, kuvia, artikkeleita jne.). Toisilta sivustoilta tuodun upotetun sis\u00e4ll\u00f6n avaaminen on verrattavissa siihen, ett\u00e4 vierailija itse k\u00e4visi kolmannen osapuolen sivustolla. N\u00e4m\u00e4 sivustot voivat ker\u00e4t\u00e4 [&hellip;]<\/p>\n","protected":false},"author":2,"featured_media":0,"parent":0,"menu_order":0,"comment_status":"closed","ping_status":"closed","template":"","meta":{"_acf_changed":false,"footnotes":""},"class_list":["post-5523","page","type-page","status-publish","hentry"],"acf":[],"_links":{"self":[{"href":"https:\/\/nokturno.fi\/en\/wp-json\/wp\/v2\/pages\/5523","targetHints":{"allow":["GET"]}}],"collection":[{"href":"https:\/\/nokturno.fi\/en\/wp-json\/wp\/v2\/pages"}],"about":[{"href":"https:\/\/nokturno.fi\/en\/wp-json\/wp\/v2\/types\/page"}],"author":[{"embeddable":true,"href":"https:\/\/nokturno.fi\/en\/wp-json\/wp\/v2\/users\/2"}],"replies":[{"embeddable":true,"href":"https:\/\/nokturno.fi\/en\/wp-json\/wp\/v2\/comments?post=5523"}],"version-history":[{"count":1,"href":"https:\/\/nokturno.fi\/en\/wp-json\/wp\/v2\/pages\/5523\/revisions"}],"predecessor-version":[{"id":5524,"href":"https:\/\/nokturno.fi\/en\/wp-json\/wp\/v2\/pages\/5523\/revisions\/5524"}],"wp:attachment":[{"href":"https:\/\/nokturno.fi\/en\/wp-json\/wp\/v2\/media?parent=5523"}],"curies":[{"name":"wp","href":"https:\/\/api.w.org\/{rel}","templated":true}]}}