{"id":4998,"date":"2020-06-11T12:47:45","date_gmt":"2020-06-11T09:47:45","guid":{"rendered":"http:\/\/u58954.www1.webdomain.fi\/?page_id=4998"},"modified":"2020-06-11T14:37:50","modified_gmt":"2020-06-11T11:37:50","slug":"kevat-2018-olli-aarni","status":"publish","type":"page","link":"https:\/\/nokturno.fi\/en\/digital-residence\/kevat-2018-olli-aarni\/","title":{"rendered":"Spring 2018: Olli Aarni"},"content":{"rendered":"<p><img loading=\"lazy\" decoding=\"async\" class=\"alignnone size-medium wp-image-4976\" src=\"http:\/\/u58954.www1.webdomain.fi\/hallinta\/wp-content\/uploads\/2020\/06\/Aarni-logo_Lauri-Hei-original_2-300x265.png\" alt=\"\" width=\"300\" height=\"265\" srcset=\"https:\/\/nokturno.fi\/hallinta\/wp-content\/uploads\/2020\/06\/Aarni-logo_Lauri-Hei-original_2-300x265.png 300w, https:\/\/nokturno.fi\/hallinta\/wp-content\/uploads\/2020\/06\/Aarni-logo_Lauri-Hei-original_2.png 680w\" sizes=\"auto, (max-width: 300px) 100vw, 300px\" \/><\/p>\n<h3><em>Merkki\u00e4\u00e4ni\u00e4<\/em><br \/>\n9.4. &#8211; 30.4.2018<\/h3>\n<p>During his residency period in April 2018 sound artist <strong>Olli Aarni<\/strong> created new Finnish sound alphabets and using them made sound poetry remakes of two Finnish poems. Aarni\u00b4s sound alphabets are inspired by the pronunciation of the alphabets but also the visual look of the letters. The first sound poem, <i>Kun oisi k\u00e4elt\u00e4 kielt\u00e4<\/i>, is based on an old Finnish folk poem and the second one, <i>Ja n\u00e4in h\u00e4n hajoaa<\/i><i> <\/i>is a 2018 poem by <strong>Sini Silveri<\/strong>. The new sound alphabets are now available for anyone to experiment with.<\/p>\n<h3><a href=\"http:\/\/residence2.nokturno.fi\/merkkiaania\/\">\u00bb Sound Alphabets and Poems<\/a><\/h3>\n<h3><a href=\"http:\/\/u58954.www1.webdomain.fi\/poem\/kun-oisi-kaelta-kieli\/\">\u00bb <em>Kun oisi k\u00e4elt\u00e4 kielt\u00e4<\/em><\/a><\/h3>\n<h3><a href=\"http:\/\/u58954.www1.webdomain.fi\/poem\/ja-nain-han-hajoaa\/\">\u00bb <em>Ja n\u00e4in h\u00e4n hajoaa<\/em><\/a><\/h3>\n<h3><a href=\"http:\/\/residence2.nokturno.fi\/\">\u00bb Work Diary<\/a><a href=\"http:\/\/residence2.nokturno.fi\/\"> (in Finnish with English translations)<\/a><\/h3>\n","protected":false},"excerpt":{"rendered":"<p>Merkki\u00e4\u00e4ni\u00e4 9.4. &#8211; 30.4.2018 During his residency period in April 2018 sound artist Olli Aarni created new Finnish sound alphabets and using them made sound poetry remakes of two Finnish poems. Aarni\u00b4s sound alphabets are inspired by the pronunciation of the alphabets but also the visual look of the letters. The first sound poem, Kun [&hellip;]<\/p>\n","protected":false},"author":2,"featured_media":0,"parent":1096,"menu_order":2,"comment_status":"closed","ping_status":"closed","template":"page-digitaalinen-residenssi.php","meta":{"_acf_changed":false,"footnotes":""},"class_list":["post-4998","page","type-page","status-publish","hentry"],"acf":[],"_links":{"self":[{"href":"https:\/\/nokturno.fi\/en\/wp-json\/wp\/v2\/pages\/4998","targetHints":{"allow":["GET"]}}],"collection":[{"href":"https:\/\/nokturno.fi\/en\/wp-json\/wp\/v2\/pages"}],"about":[{"href":"https:\/\/nokturno.fi\/en\/wp-json\/wp\/v2\/types\/page"}],"author":[{"embeddable":true,"href":"https:\/\/nokturno.fi\/en\/wp-json\/wp\/v2\/users\/2"}],"replies":[{"embeddable":true,"href":"https:\/\/nokturno.fi\/en\/wp-json\/wp\/v2\/comments?post=4998"}],"version-history":[{"count":5,"href":"https:\/\/nokturno.fi\/en\/wp-json\/wp\/v2\/pages\/4998\/revisions"}],"predecessor-version":[{"id":5045,"href":"https:\/\/nokturno.fi\/en\/wp-json\/wp\/v2\/pages\/4998\/revisions\/5045"}],"up":[{"embeddable":true,"href":"https:\/\/nokturno.fi\/en\/wp-json\/wp\/v2\/pages\/1096"}],"wp:attachment":[{"href":"https:\/\/nokturno.fi\/en\/wp-json\/wp\/v2\/media?parent=4998"}],"curies":[{"name":"wp","href":"https:\/\/api.w.org\/{rel}","templated":true}]}}